{"id":1993,"date":"2024-07-04T14:56:43","date_gmt":"2024-07-04T18:56:43","guid":{"rendered":"https:\/\/www.fuzionflooring.com\/concessionnaire-localisateur\/"},"modified":"2025-06-09T11:51:55","modified_gmt":"2025-06-09T15:51:55","slug":"detaillants-localisateur","status":"publish","type":"page","link":"https:\/\/www.fuzionflooring.com\/fr-ca\/detaillants-localisateur\/","title":{"rendered":"Localisateur de d\u00e9taillants"},"content":{"rendered":"\n<div class=\"tbk-hydrate-component\" data-cid=\"c6d7994f-4a78-4e9c-8a8c-a4cc607ee8a5\" data-component=\"DealerLocatorPageBanner\"><div class=\"hero-banner__container bg-gradient-rainbow lg:relative lg:flex lg:items-center wp-block-v2-fuzionflooring-com-components-dealer-locator-page-banner\"><div class=\"container px-4 pb-10 pt-[72px] md:px-8 lg:flex lg:items-center lg:gap-x-[60px] lg:pb-[80px] lg:pt-[204px]\"><h1 class=\"hero-banner__title lg:shrink-0 lg:basis-1\/2 lg:text-6xl lg:leading-[1.1]\">Votre d\u00e9taillant Fuzion est l\u00e0 pour vous<\/h1><div><p class=\"hero-banner__subheading mb-10 mt-3\">Si vous avez des questions sur nos produits ou si vous avez besoin d\u2019aide pour notre soutien avec votre projet de rev\u00eatement de sol, vous \u00eates au bon endroit.<\/p><div class=\"flex flex-wrap gap-4 lg:mt-7 lg:shrink-0 lg:basis-1\/2 lg:gap-x-4 lg:gap-y-8\"><a class=\"btn btn-primary btn-lg transition-all duration-300 ease-in-out !inline-block text-left leading-none [&amp;_i]:text-[12px] [&amp;_i]:ml-1 lg:[&amp;_i]:ml-2\" href=\"#dealer-locator\" title=\"Localisateur de d\u00e9taillants\"><span>Localisateur de d\u00e9taillants<\/span><\/a><a class=\"btn btn-secondary btn-lg transition-all duration-300 ease-in-out !inline-block text-left leading-none [&amp;_i]:text-[12px] [&amp;_i]:ml-1 lg:[&amp;_i]:ml-2\" href=\"https:\/\/www.fuzionflooring.com\/fr-ca\/foire-aux-questions\/\" title=\"Foire aux questions\"><span>Foire aux questions<\/span><\/a><a class=\"btn btn-primary btn-underline transition-all duration-300 ease-in-out inline-flex false gap-2 !inline-block text-left leading-none [&amp;_i]:text-[12px] [&amp;_i]:ml-1 lg:[&amp;_i]:ml-2\" href=\"#corporate-contact\" title=\"Acc\u00e9dez \u00e0 nos coordonn\u00e9es d\u2019entreprise\"><span class=\"border-primary border-b\">Acc\u00e9dez \u00e0 nos coordonn\u00e9es d\u2019entreprise<\/span><i class=\"icon icon-chevron-right\"><\/i><\/a><\/div><\/div><\/div><\/div><\/div>\n\n\n\n<div class=\"tbk-hydrate-component\" data-cid=\"bbe5eb14-6c36-46aa-b7d2-d62a89d8bd3d\" data-component=\"DealerLocator\"><div><div class=\"d-flex justify-content-center p-1\"><div class=\"spinner-border text-primary \" role=\"status\" style=\"width:3rem;height:3rem\"><span class=\"visually-hidden\">Loading&#8230;<\/span><\/div><\/div><\/div><\/div>\n\n\n\n<div class=\"tbk-hydrate-component\" data-cid=\"27dadb84-eee4-4b15-bb8d-f22fcdee3758\" data-component=\"ContactTabs\"><div id=\"personne-ressource-d\u2019entreprise\" class=\"contact-tabs__container wp-block-v2-fuzionflooring-com-components-contact-tabs\"><div class=\"container pt-8 md:p-8 lg:py-30\"><h2 class=\"m-0 mb-4 px-4 text-center lg:mb-10\">Coordonn\u00e9es de l\u2019entreprise<\/h2><div class=\"tabs\"><ul class=\"nav nav-tabs flex max-w-full overflow-auto shadow-[inset_0_-1px_0_0_secondary] shadow-secondary lg:justify-center\" role=\"tablist\"><li class=\"nav-item\" role=\"presentation\"><button class=\"nav-link relative text-base font-header leading-5 p-4 lg:p-6 lg:text-lg whitespace-nowrap active after:content-[&quot;&quot;] after:absolute after:bottom-0 after:left-0 after:w-full after:h-[1px] after:bg-primary\" id=\"siege-social-canada-tab\" data-bs-toggle=\"tab\" data-bs-target=\"#siege-social-canada\" type=\"button\" role=\"tab\" aria-controls=\"siege-social-canada\" aria-selected=\"true\">Si\u00e8ge social Canada<\/button><\/li><li class=\"nav-item\" role=\"presentation\"><button class=\"nav-link relative text-base font-header leading-5 p-4 lg:p-6 lg:text-lg whitespace-nowrap\" id=\"canada-ouest-tab\" data-bs-toggle=\"tab\" data-bs-target=\"#canada-ouest\" type=\"button\" role=\"tab\" aria-controls=\"canada-ouest\" aria-selected=\"false\">Canada-Ouest<\/button><\/li><li class=\"nav-item\" role=\"presentation\"><button class=\"nav-link relative text-base font-header leading-5 p-4 lg:p-6 lg:text-lg whitespace-nowrap\" id=\"siege-social-aux-etats-unis-tab\" data-bs-toggle=\"tab\" data-bs-target=\"#siege-social-aux-etats-unis\" type=\"button\" role=\"tab\" aria-controls=\"siege-social-aux-etats-unis\" aria-selected=\"false\">Si\u00e8ge social aux \u00c9tats-Unis<\/button><\/li><li class=\"nav-item\" role=\"presentation\"><button class=\"nav-link relative text-base font-header leading-5 p-4 lg:p-6 lg:text-lg whitespace-nowrap\" id=\"houston-etats-unis-tab\" data-bs-toggle=\"tab\" data-bs-target=\"#houston-etats-unis\" type=\"button\" role=\"tab\" aria-controls=\"houston-etats-unis\" aria-selected=\"false\">Houston, \u00c9tats-Unis<\/button><\/li><\/ul><div class=\"tab-content\"><div class=\"tab-pane\" data-title=\"Si\u00e8ge social Canada\" id=\"siege-social-canada\" role=\"tabpanel\" aria-labelledby=\"siege-social-canada-tab\"><div class=\"flex flex-col gap-4 px-4 py-6 lg:flex-row lg:items-start lg:justify-between lg:pt-20\"><div class=\"lg:w-3\/12\"><h3 class=\"mb-4 hidden lg:block\">Si\u00e8ge social Canada<\/h3><p class=\"text-base md:text-xl\">6745 Campagne financi\u00e8re, Mississauga,, L\u2019ONT L5N 7J7<\/p><span class=\"font-bodyBold\">Customer Service Inquiries: <br\/><a href=\"tel:905-821-7777\" class=\"font-body text-primary hover:underline focus:underline\">905-821-7777<\/a><\/span><\/div><div class=\"lg:w-8\/12\"><\/div><\/div><\/div><div class=\"tab-pane\" data-title=\"Canada-Ouest\" id=\"canada-ouest\" role=\"tabpanel\" aria-labelledby=\"canada-ouest-tab\"><div class=\"flex flex-col gap-4 px-4 py-6 lg:flex-row lg:items-start lg:justify-between lg:pt-20\"><div class=\"lg:w-3\/12\"><h3 class=\"mb-4 hidden lg:block\">Canada-Ouest<\/h3><p class=\"text-base md:text-xl\">5375 \u2013 50 St. SE Bay #3, Calgary,, Alberta (en) T2C 3W1<\/p><span class=\"font-bodyBold\">Customer Service Inquiries: <br\/><a href=\"tel:1-877-282-4352\" class=\"font-body text-primary hover:underline focus:underline\">1-877-282-4352<\/a><\/span><\/div><div class=\"lg:w-8\/12\"><\/div><\/div><\/div><div class=\"tab-pane\" data-title=\"Si\u00e8ge social aux \u00c9tats-Unis\" id=\"siege-social-aux-etats-unis\" role=\"tabpanel\" aria-labelledby=\"siege-social-aux-etats-unis-tab\"><div class=\"flex flex-col gap-4 px-4 py-6 lg:flex-row lg:items-start lg:justify-between lg:pt-20\"><div class=\"lg:w-3\/12\"><h3 class=\"mb-4 hidden lg:block\">Si\u00e8ge social aux \u00c9tats-Unis<\/h3><p class=\"text-base md:text-xl\">2701 E. Autoroute 121 B\u00e2timent 5, Bureau 500, Lewisville,, Le Texas 75056<\/p><span class=\"font-bodyBold\">Customer Service Inquiries: <br\/><a href=\"tel:1-800-634-2446\" class=\"font-body text-primary hover:underline focus:underline\">1-800-634-2446<\/a><\/span><\/div><div class=\"lg:w-8\/12\"><\/div><\/div><\/div><div class=\"tab-pane\" data-title=\"Houston, \u00c9tats-Unis\" id=\"houston-etats-unis\" role=\"tabpanel\" aria-labelledby=\"houston-etats-unis-tab\"><div class=\"flex flex-col gap-4 px-4 py-6 lg:flex-row lg:items-start lg:justify-between lg:pt-20\"><div class=\"lg:w-3\/12\"><h3 class=\"mb-4 hidden lg:block\">Houston, \u00c9tats-Unis<\/h3><p class=\"text-base md:text-xl\">10355, chemin W. Little York, Houston,, Le Texas 77041<\/p><span class=\"font-bodyBold\">Customer Service Inquiries: <br\/><a href=\"tel:1-800-634-2446\" class=\"font-body text-primary hover:underline focus:underline\">1-800-634-2446<\/a><\/span><\/div><div class=\"lg:w-8\/12\"><\/div><\/div><\/div><\/div><\/div><\/div><\/div><\/div>\n","protected":false},"excerpt":{"rendered":"<p>Votre d\u00e9taillant Fuzion est l\u00e0 pour vous <\/p>\n<p class=\"hero-banner__subheading mb-10 mt-3\"> Si vous avez des questions sur nos produits ou si vous avez besoin d\u2019aide pour notre soutien avec votre projet de rev\u00eatement de sol, vous \u00eates au bon endroit. &hellip;<\/p>\n","protected":false},"author":1,"featured_media":0,"parent":0,"menu_order":0,"comment_status":"closed","ping_status":"closed","template":"","meta":{"_acf_changed":false,"footnotes":""},"class_list":["post-1993","page","type-page","status-publish","hentry"],"acf":[],"yoast_head":"<!-- This site is optimized with the Yoast SEO plugin v25.9 - https:\/\/yoast.com\/wordpress\/plugins\/seo\/ -->\n<title>Localisateur de d\u00e9taillants - Fuzion Flooring<\/title>\n<meta name=\"description\" content=\"Trouvez un d\u00e9taillant Fuzion pr\u00e8s de chez vous pour explorer nos collections de planchers et obtenir des conseils personnalis\u00e9s.\" \/>\n<meta name=\"robots\" content=\"index, follow, max-snippet:-1, max-image-preview:large, max-video-preview:-1\" \/>\n<link rel=\"canonical\" href=\"https:\/\/www.fuzionflooring.com\/fr-ca\/detaillants-localisateur\/\" \/>\n<meta property=\"og:locale\" content=\"fr_CA\" \/>\n<meta property=\"og:type\" content=\"article\" \/>\n<meta property=\"og:title\" content=\"Localisateur de d\u00e9taillants - Fuzion Flooring\" \/>\n<meta property=\"og:description\" content=\"Trouvez un d\u00e9taillant Fuzion pr\u00e8s de chez vous pour explorer nos collections de planchers et obtenir des conseils personnalis\u00e9s.\" \/>\n<meta property=\"og:url\" content=\"https:\/\/www.fuzionflooring.com\/fr-ca\/detaillants-localisateur\/\" \/>\n<meta property=\"og:site_name\" content=\"Fuzion Flooring\" \/>\n<meta property=\"article:publisher\" content=\"https:\/\/www.facebook.com\/fuzionflooringcanada\/\" \/>\n<meta property=\"article:modified_time\" content=\"2025-06-09T15:51:55+00:00\" \/>\n<meta property=\"og:image\" content=\"https:\/\/www.fuzionflooring.com\/app\/uploads\/2024\/08\/fuzion-social.jpg\" \/>\n\t<meta property=\"og:image:width\" content=\"1200\" \/>\n\t<meta property=\"og:image:height\" content=\"675\" \/>\n\t<meta property=\"og:image:type\" content=\"image\/jpeg\" \/>\n<meta name=\"twitter:card\" content=\"summary_large_image\" \/>\n<meta name=\"twitter:site\" content=\"@FuzionFlooring\" \/>\n<meta name=\"twitter:label1\" content=\"Est. reading time\" \/>\n\t<meta name=\"twitter:data1\" content=\"1 minute\" \/>\n<script type=\"application\/ld+json\" class=\"yoast-schema-graph\">{\"@context\":\"https:\/\/schema.org\",\"@graph\":[{\"@type\":\"WebPage\",\"@id\":\"https:\/\/www.fuzionflooring.com\/fr-ca\/detaillants-localisateur\/\",\"url\":\"https:\/\/www.fuzionflooring.com\/fr-ca\/detaillants-localisateur\/\",\"name\":\"Localisateur de d\u00e9taillants - Fuzion Flooring\",\"isPartOf\":{\"@id\":\"https:\/\/www.fuzionflooring.com\/fr-ca\/#website\"},\"datePublished\":\"2024-07-04T18:56:43+00:00\",\"dateModified\":\"2025-06-09T15:51:55+00:00\",\"description\":\"Trouvez un d\u00e9taillant Fuzion pr\u00e8s de chez vous pour explorer nos collections de planchers et obtenir des conseils personnalis\u00e9s.\",\"breadcrumb\":{\"@id\":\"https:\/\/www.fuzionflooring.com\/fr-ca\/detaillants-localisateur\/#breadcrumb\"},\"inLanguage\":\"fr-CA\",\"potentialAction\":[{\"@type\":\"ReadAction\",\"target\":[\"https:\/\/www.fuzionflooring.com\/fr-ca\/detaillants-localisateur\/\"]}]},{\"@type\":\"BreadcrumbList\",\"@id\":\"https:\/\/www.fuzionflooring.com\/fr-ca\/detaillants-localisateur\/#breadcrumb\",\"itemListElement\":[{\"@type\":\"ListItem\",\"position\":1,\"name\":\"Accueil\",\"item\":\"https:\/\/www.fuzionflooring.com\/fr-ca\/\"},{\"@type\":\"ListItem\",\"position\":2,\"name\":\"Localisateur de d\u00e9taillants\"}]},{\"@type\":\"WebSite\",\"@id\":\"https:\/\/www.fuzionflooring.com\/fr-ca\/#website\",\"url\":\"https:\/\/www.fuzionflooring.com\/fr-ca\/\",\"name\":\"Fuzion Flooring\",\"description\":\"\",\"publisher\":{\"@id\":\"https:\/\/www.fuzionflooring.com\/fr-ca\/#organization\"},\"potentialAction\":[{\"@type\":\"SearchAction\",\"target\":{\"@type\":\"EntryPoint\",\"urlTemplate\":\"https:\/\/www.fuzionflooring.com\/fr-ca\/?s={search_term_string}\"},\"query-input\":{\"@type\":\"PropertyValueSpecification\",\"valueRequired\":true,\"valueName\":\"search_term_string\"}}],\"inLanguage\":\"fr-CA\"},{\"@type\":\"Organization\",\"@id\":\"https:\/\/www.fuzionflooring.com\/fr-ca\/#organization\",\"name\":\"Fuzion Flooring\",\"url\":\"https:\/\/www.fuzionflooring.com\/fr-ca\/\",\"logo\":{\"@type\":\"ImageObject\",\"inLanguage\":\"fr-CA\",\"@id\":\"https:\/\/www.fuzionflooring.com\/fr-ca\/#\/schema\/logo\/image\/\",\"url\":\"https:\/\/www.fuzionflooring.com\/app\/uploads\/2024\/05\/fuzion-logo-dark.svg\",\"contentUrl\":\"https:\/\/www.fuzionflooring.com\/app\/uploads\/2024\/05\/fuzion-logo-dark.svg\",\"width\":240,\"height\":25,\"caption\":\"Fuzion Flooring\"},\"image\":{\"@id\":\"https:\/\/www.fuzionflooring.com\/fr-ca\/#\/schema\/logo\/image\/\"},\"sameAs\":[\"https:\/\/www.facebook.com\/fuzionflooringcanada\/\",\"https:\/\/x.com\/FuzionFlooring\"]}]}<\/script>\n<!-- \/ Yoast SEO plugin. -->","yoast_head_json":{"title":"Localisateur de d\u00e9taillants - Fuzion Flooring","description":"Trouvez un d\u00e9taillant Fuzion pr\u00e8s de chez vous pour explorer nos collections de planchers et obtenir des conseils personnalis\u00e9s.","robots":{"index":"index","follow":"follow","max-snippet":"max-snippet:-1","max-image-preview":"max-image-preview:large","max-video-preview":"max-video-preview:-1"},"canonical":"https:\/\/www.fuzionflooring.com\/fr-ca\/detaillants-localisateur\/","og_locale":"fr_CA","og_type":"article","og_title":"Localisateur de d\u00e9taillants - Fuzion Flooring","og_description":"Trouvez un d\u00e9taillant Fuzion pr\u00e8s de chez vous pour explorer nos collections de planchers et obtenir des conseils personnalis\u00e9s.","og_url":"https:\/\/www.fuzionflooring.com\/fr-ca\/detaillants-localisateur\/","og_site_name":"Fuzion Flooring","article_publisher":"https:\/\/www.facebook.com\/fuzionflooringcanada\/","article_modified_time":"2025-06-09T15:51:55+00:00","og_image":[{"width":1200,"height":675,"url":"https:\/\/www.fuzionflooring.com\/app\/uploads\/2024\/08\/fuzion-social.jpg","type":"image\/jpeg"}],"twitter_card":"summary_large_image","twitter_site":"@FuzionFlooring","twitter_misc":{"Est. reading time":"1 minute"},"schema":{"@context":"https:\/\/schema.org","@graph":[{"@type":"WebPage","@id":"https:\/\/www.fuzionflooring.com\/fr-ca\/detaillants-localisateur\/","url":"https:\/\/www.fuzionflooring.com\/fr-ca\/detaillants-localisateur\/","name":"Localisateur de d\u00e9taillants - Fuzion Flooring","isPartOf":{"@id":"https:\/\/www.fuzionflooring.com\/fr-ca\/#website"},"datePublished":"2024-07-04T18:56:43+00:00","dateModified":"2025-06-09T15:51:55+00:00","description":"Trouvez un d\u00e9taillant Fuzion pr\u00e8s de chez vous pour explorer nos collections de planchers et obtenir des conseils personnalis\u00e9s.","breadcrumb":{"@id":"https:\/\/www.fuzionflooring.com\/fr-ca\/detaillants-localisateur\/#breadcrumb"},"inLanguage":"fr-CA","potentialAction":[{"@type":"ReadAction","target":["https:\/\/www.fuzionflooring.com\/fr-ca\/detaillants-localisateur\/"]}]},{"@type":"BreadcrumbList","@id":"https:\/\/www.fuzionflooring.com\/fr-ca\/detaillants-localisateur\/#breadcrumb","itemListElement":[{"@type":"ListItem","position":1,"name":"Accueil","item":"https:\/\/www.fuzionflooring.com\/fr-ca\/"},{"@type":"ListItem","position":2,"name":"Localisateur de d\u00e9taillants"}]},{"@type":"WebSite","@id":"https:\/\/www.fuzionflooring.com\/fr-ca\/#website","url":"https:\/\/www.fuzionflooring.com\/fr-ca\/","name":"Fuzion Flooring","description":"","publisher":{"@id":"https:\/\/www.fuzionflooring.com\/fr-ca\/#organization"},"potentialAction":[{"@type":"SearchAction","target":{"@type":"EntryPoint","urlTemplate":"https:\/\/www.fuzionflooring.com\/fr-ca\/?s={search_term_string}"},"query-input":{"@type":"PropertyValueSpecification","valueRequired":true,"valueName":"search_term_string"}}],"inLanguage":"fr-CA"},{"@type":"Organization","@id":"https:\/\/www.fuzionflooring.com\/fr-ca\/#organization","name":"Fuzion Flooring","url":"https:\/\/www.fuzionflooring.com\/fr-ca\/","logo":{"@type":"ImageObject","inLanguage":"fr-CA","@id":"https:\/\/www.fuzionflooring.com\/fr-ca\/#\/schema\/logo\/image\/","url":"https:\/\/www.fuzionflooring.com\/app\/uploads\/2024\/05\/fuzion-logo-dark.svg","contentUrl":"https:\/\/www.fuzionflooring.com\/app\/uploads\/2024\/05\/fuzion-logo-dark.svg","width":240,"height":25,"caption":"Fuzion Flooring"},"image":{"@id":"https:\/\/www.fuzionflooring.com\/fr-ca\/#\/schema\/logo\/image\/"},"sameAs":["https:\/\/www.facebook.com\/fuzionflooringcanada\/","https:\/\/x.com\/FuzionFlooring"]}]}},"_links":{"self":[{"href":"https:\/\/www.fuzionflooring.com\/fr-ca\/wp-json\/wp\/v2\/pages\/1993","targetHints":{"allow":["GET"]}}],"collection":[{"href":"https:\/\/www.fuzionflooring.com\/fr-ca\/wp-json\/wp\/v2\/pages"}],"about":[{"href":"https:\/\/www.fuzionflooring.com\/fr-ca\/wp-json\/wp\/v2\/types\/page"}],"author":[{"embeddable":true,"href":"https:\/\/www.fuzionflooring.com\/fr-ca\/wp-json\/wp\/v2\/users\/1"}],"replies":[{"embeddable":true,"href":"https:\/\/www.fuzionflooring.com\/fr-ca\/wp-json\/wp\/v2\/comments?post=1993"}],"version-history":[{"count":32,"href":"https:\/\/www.fuzionflooring.com\/fr-ca\/wp-json\/wp\/v2\/pages\/1993\/revisions"}],"predecessor-version":[{"id":108713,"href":"https:\/\/www.fuzionflooring.com\/fr-ca\/wp-json\/wp\/v2\/pages\/1993\/revisions\/108713"}],"wp:attachment":[{"href":"https:\/\/www.fuzionflooring.com\/fr-ca\/wp-json\/wp\/v2\/media?parent=1993"}],"curies":[{"name":"wp","href":"https:\/\/api.w.org\/{rel}","templated":true}]}}